{"id":1077,"date":"2025-03-11T10:31:48","date_gmt":"2025-03-11T10:31:48","guid":{"rendered":"https:\/\/italian-consulting.com\/ic\/?page_id=1077"},"modified":"2025-08-07T13:54:51","modified_gmt":"2025-08-07T13:54:51","slug":"products","status":"publish","type":"page","link":"https:\/\/italian-consulting.com\/en\/products\/","title":{"rendered":"Products"},"content":{"rendered":"\t\t<div data-elementor-type=\"wp-page\" data-elementor-id=\"1077\" class=\"elementor elementor-1077\" data-elementor-post-type=\"page\">\n\t\t\t\t<div class=\"elementor-element elementor-element-6c5707c5 e-flex e-con-boxed e-con e-parent\" data-id=\"6c5707c5\" data-element_type=\"container\">\n\t\t\t\t\t<div class=\"e-con-inner\">\n\t\t\t\t<div class=\"elementor-element elementor-element-808237c elementor-widget elementor-widget-heading\" data-id=\"808237c\" data-element_type=\"widget\" data-widget_type=\"heading.default\">\n\t\t\t\t<div class=\"elementor-widget-container\">\n\t\t\t\t\t<h1 class=\"elementor-heading-title elementor-size-default\">Products<\/h1>\t\t\t\t<\/div>\n\t\t\t\t<\/div>\n\t\t\t\t\t<\/div>\n\t\t\t\t<\/div>\n\t\t<div class=\"elementor-element elementor-element-a6790a7 e-con-full e-flex e-con e-parent\" data-id=\"a6790a7\" data-element_type=\"container\">\n\t\t\t\t<div class=\"elementor-element elementor-element-0c14115 elementor-widget elementor-widget-shortcode\" data-id=\"0c14115\" data-element_type=\"widget\" data-widget_type=\"shortcode.default\">\n\t\t\t\t<div class=\"elementor-widget-container\">\n\t\t\t\t\t\t\t<div class=\"elementor-shortcode\"><section class=\"prodotti-wrapper\"><div class=\"prodotti-wrapper-inner\"><article class=\"product-item\"><div class=\"product-image\"><a href=\"https:\/\/italian-consulting.com\/en\/products\/boardex-exterior-panels\/\"><img decoding=\"async\" src=\"https:\/\/italian-consulting.com\/wp-content\/uploads\/2025\/03\/lastre-esterni-1038x1024.jpg\" alt=\"\" \/><\/a><\/div><div class=\"product-content\"><h3 class=\"product-title\">BoardeX Exterior Panels<\/h3><div class=\"product-description\">BoardeX Exterior panels represent an innovative solution for external fa\u00e7ade systems, particularly suitable as a durable, high-performance substrate beneath various fa\u00e7ade claddings, including metal, PVC, decorative brick, and wood panels. Developed by Dalsan Al\u00e7\u0131, these exterior panels are reinforc...<\/div><a class=\"product-button\" href=\"https:\/\/italian-consulting.com\/en\/products\/boardex-exterior-panels\/\">Read more<\/a><\/div><\/article><article class=\"product-item reverse\"><div class=\"product-image\"><a href=\"https:\/\/italian-consulting.com\/en\/products\/boardex-roof-panels\/\"><img decoding=\"async\" src=\"https:\/\/italian-consulting.com\/wp-content\/uploads\/2025\/03\/Boardex-ROOF-1110x970.jpg\" alt=\"\" \/><\/a><\/div><div class=\"product-content\"><h3 class=\"product-title\">BoardeX Roof Panels<\/h3><div class=\"product-description\">BoardeX Roof is an advanced roofing solution by Dalsan Al\u00e7\u0131, specifically designed as an alternative to traditional materials like OSB or wood beneath shingles or clay and cement roof tiles. It is the first fiberglass-coated roofing board, distinguished by its unique integrated white fiberglass mesh...<\/div><a class=\"product-button\" href=\"https:\/\/italian-consulting.com\/en\/products\/boardex-roof-panels\/\">Read more<\/a><\/div><\/article><article class=\"product-item\"><div class=\"product-image\"><a href=\"https:\/\/italian-consulting.com\/en\/products\/by-veno-acoustic-panels\/\"><img decoding=\"async\" src=\"https:\/\/italian-consulting.com\/wp-content\/uploads\/2025\/03\/pannelli-isolanti-819x1024.jpg\" alt=\"\" \/><\/a><\/div><div class=\"product-content\"><h3 class=\"product-title\">BY VEN\u00d8 acoustic panels<\/h3><div class=\"product-description\">BY VEN\u00d8 acoustic panels are sophisticated Danish-made products designed not only to enhance the visual appeal of any space but to significantly improve its acoustic performance. These panels effectively absorb and diffuse sound waves, reducing reverberation and creating an acoustically comfortable e...<\/div><a class=\"product-button\" href=\"https:\/\/italian-consulting.com\/en\/products\/by-veno-acoustic-panels\/\">Read more<\/a><\/div><\/article><\/div><\/section><\/div>\n\t\t\t\t\t\t<\/div>\n\t\t\t\t<\/div>\n\t\t\t\t<\/div>\n\t\t\t\t<\/div>\n\t\t","protected":false},"excerpt":{"rendered":"","protected":false},"author":1,"featured_media":0,"parent":0,"menu_order":2,"comment_status":"closed","ping_status":"closed","template":"","meta":{"_acf_changed":false,"footnotes":""},"class_list":["post-1077","page","type-page","status-publish","hentry"],"acf":[],"yoast_head":"<!-- This site is optimized with the Yoast SEO plugin v27.3 - https:\/\/yoast.com\/product\/yoast-seo-wordpress\/ -->\n<title>Products - Italian Group for engineering consulting<\/title>\n<meta name=\"robots\" content=\"index, follow, max-snippet:-1, max-image-preview:large, max-video-preview:-1\" \/>\n<link rel=\"canonical\" href=\"https:\/\/italian-consulting.com\/en\/products\/\" \/>\n<meta property=\"og:locale\" content=\"en_US\" \/>\n<meta property=\"og:type\" content=\"article\" \/>\n<meta property=\"og:title\" content=\"Products - Italian Group for engineering consulting\" \/>\n<meta property=\"og:url\" content=\"https:\/\/italian-consulting.com\/en\/products\/\" \/>\n<meta property=\"og:site_name\" content=\"Italian Group for engineering consulting\" \/>\n<meta property=\"article:modified_time\" content=\"2025-08-07T13:54:51+00:00\" \/>\n<script type=\"application\/ld+json\" class=\"yoast-schema-graph\">{\"@context\":\"https:\\\/\\\/schema.org\",\"@graph\":[{\"@type\":\"WebPage\",\"@id\":\"https:\\\/\\\/italian-consulting.com\\\/en\\\/products\\\/\",\"url\":\"https:\\\/\\\/italian-consulting.com\\\/en\\\/products\\\/\",\"name\":\"Products - Italian Group for engineering consulting\",\"isPartOf\":{\"@id\":\"https:\\\/\\\/italian-consulting.com\\\/en\\\/#website\"},\"datePublished\":\"2025-03-11T10:31:48+00:00\",\"dateModified\":\"2025-08-07T13:54:51+00:00\",\"breadcrumb\":{\"@id\":\"https:\\\/\\\/italian-consulting.com\\\/en\\\/products\\\/#breadcrumb\"},\"inLanguage\":\"en-US\",\"potentialAction\":[{\"@type\":\"ReadAction\",\"target\":[\"https:\\\/\\\/italian-consulting.com\\\/en\\\/products\\\/\"]}]},{\"@type\":\"BreadcrumbList\",\"@id\":\"https:\\\/\\\/italian-consulting.com\\\/en\\\/products\\\/#breadcrumb\",\"itemListElement\":[{\"@type\":\"ListItem\",\"position\":1,\"name\":\"Home\",\"item\":\"https:\\\/\\\/italian-consulting.com\\\/en\\\/\"},{\"@type\":\"ListItem\",\"position\":2,\"name\":\"Products\"}]},{\"@type\":\"WebSite\",\"@id\":\"https:\\\/\\\/italian-consulting.com\\\/en\\\/#website\",\"url\":\"https:\\\/\\\/italian-consulting.com\\\/en\\\/\",\"name\":\"Italian Group for engineering consulting\",\"description\":\"\",\"publisher\":{\"@id\":\"https:\\\/\\\/italian-consulting.com\\\/en\\\/#organization\"},\"alternateName\":\"IGEC\",\"potentialAction\":[{\"@type\":\"SearchAction\",\"target\":{\"@type\":\"EntryPoint\",\"urlTemplate\":\"https:\\\/\\\/italian-consulting.com\\\/en\\\/?s={search_term_string}\"},\"query-input\":{\"@type\":\"PropertyValueSpecification\",\"valueRequired\":true,\"valueName\":\"search_term_string\"}}],\"inLanguage\":\"en-US\"},{\"@type\":\"Organization\",\"@id\":\"https:\\\/\\\/italian-consulting.com\\\/en\\\/#organization\",\"name\":\"Italian Group for engineering consulting\",\"url\":\"https:\\\/\\\/italian-consulting.com\\\/en\\\/\",\"logo\":{\"@type\":\"ImageObject\",\"inLanguage\":\"en-US\",\"@id\":\"https:\\\/\\\/italian-consulting.com\\\/en\\\/#\\\/schema\\\/logo\\\/image\\\/\",\"url\":\"https:\\\/\\\/italian-consulting.com\\\/wp-content\\\/uploads\\\/2025\\\/06\\\/new-logo.svg\",\"contentUrl\":\"https:\\\/\\\/italian-consulting.com\\\/wp-content\\\/uploads\\\/2025\\\/06\\\/new-logo.svg\",\"width\":1,\"height\":1,\"caption\":\"Italian Group for engineering consulting\"},\"image\":{\"@id\":\"https:\\\/\\\/italian-consulting.com\\\/en\\\/#\\\/schema\\\/logo\\\/image\\\/\"},\"sameAs\":[\"https:\\\/\\\/www.instagram.com\\\/italianconsulting\\\/\",\"https:\\\/\\\/www.linkedin.com\\\/company\\\/igec-italian-consulting\\\/\"]}]}<\/script>\n<!-- \/ Yoast SEO plugin. -->","yoast_head_json":{"title":"Products - Italian Group for engineering consulting","robots":{"index":"index","follow":"follow","max-snippet":"max-snippet:-1","max-image-preview":"max-image-preview:large","max-video-preview":"max-video-preview:-1"},"canonical":"https:\/\/italian-consulting.com\/en\/products\/","og_locale":"en_US","og_type":"article","og_title":"Products - Italian Group for engineering consulting","og_url":"https:\/\/italian-consulting.com\/en\/products\/","og_site_name":"Italian Group for engineering consulting","article_modified_time":"2025-08-07T13:54:51+00:00","schema":{"@context":"https:\/\/schema.org","@graph":[{"@type":"WebPage","@id":"https:\/\/italian-consulting.com\/en\/products\/","url":"https:\/\/italian-consulting.com\/en\/products\/","name":"Products - Italian Group for engineering consulting","isPartOf":{"@id":"https:\/\/italian-consulting.com\/en\/#website"},"datePublished":"2025-03-11T10:31:48+00:00","dateModified":"2025-08-07T13:54:51+00:00","breadcrumb":{"@id":"https:\/\/italian-consulting.com\/en\/products\/#breadcrumb"},"inLanguage":"en-US","potentialAction":[{"@type":"ReadAction","target":["https:\/\/italian-consulting.com\/en\/products\/"]}]},{"@type":"BreadcrumbList","@id":"https:\/\/italian-consulting.com\/en\/products\/#breadcrumb","itemListElement":[{"@type":"ListItem","position":1,"name":"Home","item":"https:\/\/italian-consulting.com\/en\/"},{"@type":"ListItem","position":2,"name":"Products"}]},{"@type":"WebSite","@id":"https:\/\/italian-consulting.com\/en\/#website","url":"https:\/\/italian-consulting.com\/en\/","name":"Italian Group for engineering consulting","description":"","publisher":{"@id":"https:\/\/italian-consulting.com\/en\/#organization"},"alternateName":"IGEC","potentialAction":[{"@type":"SearchAction","target":{"@type":"EntryPoint","urlTemplate":"https:\/\/italian-consulting.com\/en\/?s={search_term_string}"},"query-input":{"@type":"PropertyValueSpecification","valueRequired":true,"valueName":"search_term_string"}}],"inLanguage":"en-US"},{"@type":"Organization","@id":"https:\/\/italian-consulting.com\/en\/#organization","name":"Italian Group for engineering consulting","url":"https:\/\/italian-consulting.com\/en\/","logo":{"@type":"ImageObject","inLanguage":"en-US","@id":"https:\/\/italian-consulting.com\/en\/#\/schema\/logo\/image\/","url":"https:\/\/italian-consulting.com\/wp-content\/uploads\/2025\/06\/new-logo.svg","contentUrl":"https:\/\/italian-consulting.com\/wp-content\/uploads\/2025\/06\/new-logo.svg","width":1,"height":1,"caption":"Italian Group for engineering consulting"},"image":{"@id":"https:\/\/italian-consulting.com\/en\/#\/schema\/logo\/image\/"},"sameAs":["https:\/\/www.instagram.com\/italianconsulting\/","https:\/\/www.linkedin.com\/company\/igec-italian-consulting\/"]}]}},"_links":{"self":[{"href":"https:\/\/italian-consulting.com\/en\/wp-json\/wp\/v2\/pages\/1077","targetHints":{"allow":["GET"]}}],"collection":[{"href":"https:\/\/italian-consulting.com\/en\/wp-json\/wp\/v2\/pages"}],"about":[{"href":"https:\/\/italian-consulting.com\/en\/wp-json\/wp\/v2\/types\/page"}],"author":[{"embeddable":true,"href":"https:\/\/italian-consulting.com\/en\/wp-json\/wp\/v2\/users\/1"}],"replies":[{"embeddable":true,"href":"https:\/\/italian-consulting.com\/en\/wp-json\/wp\/v2\/comments?post=1077"}],"version-history":[{"count":5,"href":"https:\/\/italian-consulting.com\/en\/wp-json\/wp\/v2\/pages\/1077\/revisions"}],"predecessor-version":[{"id":2423,"href":"https:\/\/italian-consulting.com\/en\/wp-json\/wp\/v2\/pages\/1077\/revisions\/2423"}],"wp:attachment":[{"href":"https:\/\/italian-consulting.com\/en\/wp-json\/wp\/v2\/media?parent=1077"}],"curies":[{"name":"wp","href":"https:\/\/api.w.org\/{rel}","templated":true}]}}